{"id":5,"date":"2020-01-13T11:17:52","date_gmt":"2020-01-13T11:17:52","guid":{"rendered":"https:\/\/demosites.io\/web-agency-gb\/?page_id=5"},"modified":"2024-08-11T11:46:10","modified_gmt":"2024-08-11T11:46:10","slug":"15c42-web-agency-gb-home","status":"publish","type":"page","link":"https:\/\/ottadalen.no\/","title":{"rendered":"Home"},"content":{"rendered":"\n<div class=\"wp-block-cover alignfull is-light\" style=\"min-height:700px;aspect-ratio:unset;\"><span aria-hidden=\"true\" class=\"wp-block-cover__background has-background-dim-0 has-background-dim\"><\/span><img loading=\"lazy\" decoding=\"async\" width=\"1366\" height=\"768\" class=\"wp-block-cover__image-background wp-image-109\" alt=\"\" src=\"https:\/\/ottadalen.no\/wp-content\/uploads\/2020\/07\/web-design-studio-01.jpg.jpg\" style=\"object-position:50% 64%\" data-object-fit=\"cover\" data-object-position=\"50% 64%\" srcset=\"https:\/\/ottadalen.no\/wp-content\/uploads\/2020\/07\/web-design-studio-01.jpg.jpg 1366w, https:\/\/ottadalen.no\/wp-content\/uploads\/2020\/07\/web-design-studio-01.jpg-300x169.jpg 300w\" sizes=\"auto, (max-width: 1366px) 100vw, 1366px\" \/><div class=\"wp-block-cover__inner-container is-layout-flow wp-block-cover-is-layout-flow\">\n<div style=\"height:80px\" aria-hidden=\"true\" class=\"wp-block-spacer\"><\/div>\n\n\n\n<h1 class=\"wp-block-heading has-text-align-center has-text-color\" style=\"color:#121212\">OTTADALEN BYGG &#8211; Din lokale byggentrepren\u00f8r<\/h1>\n\n\n\n<p class=\"has-text-align-center has-text-color\" style=\"color:#121212;font-size:17px\">Vi utf\u00f8rer alle typer prosjekter. V\u00e5rt virkeomr\u00e5de er hovedsaklig i Norddalskommune Sel, V\u00e5g\u00e5, Lom og Skj\u00e5k med tilst\u00f8tende fjellomr\u00e5der. Ta kontakt s\u00e5 kommer vi p\u00e5 en befaring.<\/p>\n\n\n\n<div class=\"wp-block-buttons is-horizontal is-content-justification-center is-layout-flex wp-container-core-buttons-is-layout-499968f5 wp-block-buttons-is-layout-flex\">\n<div class=\"wp-block-button is-style-primary\"><a class=\"wp-block-button__link wp-element-button\" href=\"mailto:post@ottadalen.no\">SEND EPOST<\/a><\/div>\n<\/div>\n\n\n\n<div style=\"height:80px\" aria-hidden=\"true\" class=\"wp-block-spacer\"><\/div>\n\n\n\n<div style=\"height:80px\" aria-hidden=\"true\" class=\"wp-block-spacer\"><\/div>\n<\/div><\/div>\n\n\n\n<div style=\"height:80px\" aria-hidden=\"true\" class=\"wp-block-spacer\"><\/div>\n\n\n\n<div class=\"wp-block-columns is-layout-flex wp-container-core-columns-is-layout-9d6595d7 wp-block-columns-is-layout-flex\">\n<div class=\"wp-block-column is-layout-flow wp-block-column-is-layout-flow\"><div class=\"wp-block-image icon-style is-style-rounded\">\n<figure class=\"aligncenter size-large\"><img loading=\"lazy\" decoding=\"async\" width=\"72\" height=\"72\" src=\"https:\/\/ottadalen.no\/wp-content\/uploads\/2020\/01\/neve-webdesign-GB-03.png\" alt=\"\" class=\"wp-image-20\" title=\"\"\/><\/figure><\/div>\n\n\n<div style=\"height:20px\" aria-hidden=\"true\" class=\"wp-block-spacer\"><\/div>\n\n\n\n<h3 class=\"wp-block-heading has-text-align-center has-neve-text-color-color has-text-color\">Hjelp<\/h3>\n\n\n\n<p class=\"has-text-align-center\">Vi kan bist\u00e5 gejnnom hele prosessen fra idestadiet med planlegging og tegning da det ikke alltid er slik at man har alle detaljer klart.<\/p>\n\n\n\n<div style=\"height:20px\" aria-hidden=\"true\" class=\"wp-block-spacer\"><\/div>\n\n\n<div class=\"wp-block-image icon-style is-style-rounded\">\n<figure class=\"aligncenter size-large\"><img loading=\"lazy\" decoding=\"async\" width=\"72\" height=\"72\" src=\"https:\/\/ottadalen.no\/wp-content\/uploads\/2020\/01\/neve-webdesign-GB-04.png\" alt=\"\" class=\"wp-image-21\"\/><\/figure><\/div>\n\n\n<div style=\"height:20px\" aria-hidden=\"true\" class=\"wp-block-spacer\"><\/div>\n\n\n\n<h3 class=\"wp-block-heading has-text-align-center has-neve-text-color-color has-text-color\">Produksjon<\/h3>\n\n\n\n<p class=\"has-text-align-center\">Vi utf\u00f8rer det meste innen bygg fra grunnmurer til renovering av eldre bygg eller n\u00f8kkelferdig bygg. Vi utf\u00f8rer ogs\u00e5 totalentrepriser hvor byggherre selv ikke kan eller \u00f8nsker \u00e5 styre prosessen.<\/p>\n\n\n\n<div style=\"height:20px\" aria-hidden=\"true\" class=\"wp-block-spacer\"><\/div>\n<\/div>\n<\/div>\n\n\n\n<div style=\"height:80px\" aria-hidden=\"true\" class=\"wp-block-spacer\"><\/div>\n\n\n\n<div class=\"wp-block-cover alignfull\" style=\"min-height:600px;aspect-ratio:unset;\"><span aria-hidden=\"true\" class=\"wp-block-cover__background has-nv-site-bg-background-color has-background-dim-100 has-background-dim\"><\/span><div class=\"wp-block-cover__inner-container is-layout-flow wp-block-cover-is-layout-flow\">\n<div class=\"wp-block-group\"><div class=\"wp-block-group__inner-container is-layout-flow wp-block-group-is-layout-flow\">\n<div style=\"height:80px\" aria-hidden=\"true\" class=\"wp-block-spacer\"><\/div>\n\n\n\n<h2 class=\"wp-block-heading has-neve-text-color-color has-text-color\">Noen av v\u00e5re nylige oppdrag<\/h2>\n\n\n\n<div style=\"height:20px\" aria-hidden=\"true\" class=\"wp-block-spacer\"><\/div>\n\n\n\n<div class=\"wp-block-columns are-vertically-aligned-center is-layout-flex wp-container-core-columns-is-layout-9d6595d7 wp-block-columns-is-layout-flex\">\n<div class=\"wp-block-column is-vertically-aligned-center is-layout-flow wp-block-column-is-layout-flow\" style=\"flex-basis:50%\">\n<figure class=\"wp-block-image size-large\"><img loading=\"lazy\" decoding=\"async\" width=\"1024\" height=\"771\" src=\"https:\/\/ottadalen.no\/wp-content\/uploads\/2024\/08\/PXL_20230818_093144806-1-1024x771.jpg\" alt=\"\" class=\"wp-image-364\" srcset=\"https:\/\/ottadalen.no\/wp-content\/uploads\/2024\/08\/PXL_20230818_093144806-1-1024x771.jpg 1024w, https:\/\/ottadalen.no\/wp-content\/uploads\/2024\/08\/PXL_20230818_093144806-1-300x226.jpg 300w, https:\/\/ottadalen.no\/wp-content\/uploads\/2024\/08\/PXL_20230818_093144806-1-768x578.jpg 768w, https:\/\/ottadalen.no\/wp-content\/uploads\/2024\/08\/PXL_20230818_093144806-1-1536x1157.jpg 1536w, https:\/\/ottadalen.no\/wp-content\/uploads\/2024\/08\/PXL_20230818_093144806-1-2048x1542.jpg 2048w\" sizes=\"auto, (max-width: 1024px) 100vw, 1024px\" \/><\/figure>\n\n\n\n<figure class=\"wp-block-image size-large\"><img loading=\"lazy\" decoding=\"async\" width=\"1024\" height=\"771\" src=\"https:\/\/ottadalen.no\/wp-content\/uploads\/2024\/08\/PXL_20240524_115546058-1024x771.jpg\" alt=\"\" class=\"wp-image-366\" srcset=\"https:\/\/ottadalen.no\/wp-content\/uploads\/2024\/08\/PXL_20240524_115546058-1024x771.jpg 1024w, https:\/\/ottadalen.no\/wp-content\/uploads\/2024\/08\/PXL_20240524_115546058-300x226.jpg 300w, https:\/\/ottadalen.no\/wp-content\/uploads\/2024\/08\/PXL_20240524_115546058-768x578.jpg 768w, https:\/\/ottadalen.no\/wp-content\/uploads\/2024\/08\/PXL_20240524_115546058-1536x1157.jpg 1536w, https:\/\/ottadalen.no\/wp-content\/uploads\/2024\/08\/PXL_20240524_115546058-2048x1542.jpg 2048w\" sizes=\"auto, (max-width: 1024px) 100vw, 1024px\" \/><\/figure>\n\n\n\n<figure class=\"wp-block-image size-large\"><img loading=\"lazy\" decoding=\"async\" width=\"1024\" height=\"771\" src=\"https:\/\/ottadalen.no\/wp-content\/uploads\/2024\/08\/PXL_20240710_063752295-1024x771.jpg\" alt=\"\" class=\"wp-image-368\" srcset=\"https:\/\/ottadalen.no\/wp-content\/uploads\/2024\/08\/PXL_20240710_063752295-1024x771.jpg 1024w, https:\/\/ottadalen.no\/wp-content\/uploads\/2024\/08\/PXL_20240710_063752295-300x226.jpg 300w, https:\/\/ottadalen.no\/wp-content\/uploads\/2024\/08\/PXL_20240710_063752295-768x578.jpg 768w, https:\/\/ottadalen.no\/wp-content\/uploads\/2024\/08\/PXL_20240710_063752295-1536x1157.jpg 1536w, https:\/\/ottadalen.no\/wp-content\/uploads\/2024\/08\/PXL_20240710_063752295-2048x1542.jpg 2048w\" sizes=\"auto, (max-width: 1024px) 100vw, 1024px\" \/><\/figure>\n\n\n\n<div style=\"height:40px\" aria-hidden=\"true\" class=\"wp-block-spacer\"><\/div>\n<\/div>\n\n\n\n<div class=\"wp-block-column is-vertically-aligned-center is-layout-flow wp-block-column-is-layout-flow\" style=\"flex-basis:50%\">\n<figure class=\"wp-block-image size-large\"><img loading=\"lazy\" decoding=\"async\" width=\"1024\" height=\"771\" src=\"https:\/\/ottadalen.no\/wp-content\/uploads\/2024\/08\/PXL_20240425_121540197-1024x771.jpg\" alt=\"\" class=\"wp-image-365\" srcset=\"https:\/\/ottadalen.no\/wp-content\/uploads\/2024\/08\/PXL_20240425_121540197-1024x771.jpg 1024w, https:\/\/ottadalen.no\/wp-content\/uploads\/2024\/08\/PXL_20240425_121540197-300x226.jpg 300w, https:\/\/ottadalen.no\/wp-content\/uploads\/2024\/08\/PXL_20240425_121540197-768x578.jpg 768w, https:\/\/ottadalen.no\/wp-content\/uploads\/2024\/08\/PXL_20240425_121540197-1536x1157.jpg 1536w, https:\/\/ottadalen.no\/wp-content\/uploads\/2024\/08\/PXL_20240425_121540197-2048x1542.jpg 2048w\" sizes=\"auto, (max-width: 1024px) 100vw, 1024px\" \/><\/figure>\n\n\n\n<figure class=\"wp-block-image size-large\"><img loading=\"lazy\" decoding=\"async\" width=\"1024\" height=\"771\" src=\"https:\/\/ottadalen.no\/wp-content\/uploads\/2024\/08\/PXL_20240529_145232480-1024x771.jpg\" alt=\"\" class=\"wp-image-367\" srcset=\"https:\/\/ottadalen.no\/wp-content\/uploads\/2024\/08\/PXL_20240529_145232480-1024x771.jpg 1024w, https:\/\/ottadalen.no\/wp-content\/uploads\/2024\/08\/PXL_20240529_145232480-300x226.jpg 300w, https:\/\/ottadalen.no\/wp-content\/uploads\/2024\/08\/PXL_20240529_145232480-768x578.jpg 768w, https:\/\/ottadalen.no\/wp-content\/uploads\/2024\/08\/PXL_20240529_145232480-1536x1157.jpg 1536w, https:\/\/ottadalen.no\/wp-content\/uploads\/2024\/08\/PXL_20240529_145232480-2048x1542.jpg 2048w\" sizes=\"auto, (max-width: 1024px) 100vw, 1024px\" \/><\/figure>\n\n\n\n<figure class=\"wp-block-image size-large\"><img loading=\"lazy\" decoding=\"async\" width=\"1024\" height=\"771\" src=\"https:\/\/ottadalen.no\/wp-content\/uploads\/2024\/08\/PXL_20240802_100533890.MP_-1-1024x771.jpg\" alt=\"\" class=\"wp-image-369\" srcset=\"https:\/\/ottadalen.no\/wp-content\/uploads\/2024\/08\/PXL_20240802_100533890.MP_-1-1024x771.jpg 1024w, https:\/\/ottadalen.no\/wp-content\/uploads\/2024\/08\/PXL_20240802_100533890.MP_-1-300x226.jpg 300w, https:\/\/ottadalen.no\/wp-content\/uploads\/2024\/08\/PXL_20240802_100533890.MP_-1-768x578.jpg 768w, https:\/\/ottadalen.no\/wp-content\/uploads\/2024\/08\/PXL_20240802_100533890.MP_-1-1536x1157.jpg 1536w, https:\/\/ottadalen.no\/wp-content\/uploads\/2024\/08\/PXL_20240802_100533890.MP_-1-2048x1542.jpg 2048w\" sizes=\"auto, (max-width: 1024px) 100vw, 1024px\" \/><\/figure>\n\n\n\n<div style=\"height:40px\" aria-hidden=\"true\" class=\"wp-block-spacer\"><\/div>\n<\/div>\n<\/div>\n\n\n\n<div style=\"height:40px\" aria-hidden=\"true\" class=\"wp-block-spacer\"><\/div>\n<\/div><\/div>\n<\/div><\/div>\n\n\n\n<div class=\"wp-block-cover alignfull\" style=\"min-height:420px;aspect-ratio:unset;\"><span aria-hidden=\"true\" class=\"wp-block-cover__background has-nv-light-bg-background-color has-background-dim-100 has-background-dim\"><\/span><div class=\"wp-block-cover__inner-container is-layout-flow wp-block-cover-is-layout-flow\">\n<div style=\"height:80px\" aria-hidden=\"true\" class=\"wp-block-spacer\"><\/div>\n\n\n\n<div class=\"wp-block-columns is-layout-flex wp-container-core-columns-is-layout-9d6595d7 wp-block-columns-is-layout-flex\">\n<div class=\"wp-block-column ticss-4ce656f1 is-layout-flow wp-block-column-is-layout-flow\">\n<figure class=\"wp-block-image size-full is-resized is-style-rounded\"><img loading=\"lazy\" decoding=\"async\" width=\"506\" height=\"499\" src=\"https:\/\/ottadalen.no\/wp-content\/uploads\/2024\/08\/Screenshot-2024-07-31-210805.png\" alt=\"\" class=\"wp-image-370\" style=\"width:85px;height:auto\" srcset=\"https:\/\/ottadalen.no\/wp-content\/uploads\/2024\/08\/Screenshot-2024-07-31-210805.png 506w, https:\/\/ottadalen.no\/wp-content\/uploads\/2024\/08\/Screenshot-2024-07-31-210805-300x296.png 300w\" sizes=\"auto, (max-width: 506px) 100vw, 506px\" \/><\/figure>\n\n\n\n<div style=\"height:24px\" aria-hidden=\"true\" class=\"wp-block-spacer\"><\/div>\n\n\n\n<p class=\"has-text-align-left has-neve-text-color-color has-text-color\">T\u00f8mrer<\/p>\n\n\n\n<p class=\"has-neve-text-color-color has-text-color\">\u00d8YSTEIN \u00d8IHUSOM<\/p>\n\n\n\n<div style=\"height:20px\" aria-hidden=\"true\" class=\"wp-block-spacer\"><\/div>\n<\/div>\n\n\n\n<div class=\"wp-block-column ticss-f6fc7494 is-layout-flow wp-block-column-is-layout-flow\">\n<figure class=\"wp-block-image size-full is-resized is-style-rounded\"><img loading=\"lazy\" decoding=\"async\" width=\"506\" height=\"499\" src=\"https:\/\/ottadalen.no\/wp-content\/uploads\/2024\/08\/Screenshot-2024-07-31-210805-1.png\" alt=\"\" class=\"wp-image-371\" style=\"width:97px;height:auto\" srcset=\"https:\/\/ottadalen.no\/wp-content\/uploads\/2024\/08\/Screenshot-2024-07-31-210805-1.png 506w, https:\/\/ottadalen.no\/wp-content\/uploads\/2024\/08\/Screenshot-2024-07-31-210805-1-300x296.png 300w\" sizes=\"auto, (max-width: 506px) 100vw, 506px\" \/><\/figure>\n\n\n\n<div style=\"height:24px\" aria-hidden=\"true\" class=\"wp-block-spacer\"><\/div>\n\n\n\n<p class=\"has-text-align-left has-neve-text-color-color has-text-color\">T\u00f8mrer<\/p>\n\n\n\n<p class=\"has-neve-text-color-color has-text-color\">VIDAR \u00d8IHUSOM<\/p>\n\n\n\n<div style=\"height:20px\" aria-hidden=\"true\" class=\"wp-block-spacer\"><\/div>\n<\/div>\n<\/div>\n\n\n\n<div style=\"height:30px\" aria-hidden=\"true\" class=\"wp-block-spacer\"><\/div>\n<\/div><\/div>\n\n\n\n<div class=\"wp-block-cover alignfull\" style=\"min-height:300px;aspect-ratio:unset;\"><span aria-hidden=\"true\" class=\"wp-block-cover__background has-nv-dark-bg-background-color has-background-dim-100 has-background-dim\"><\/span><div class=\"wp-block-cover__inner-container is-layout-flow wp-block-cover-is-layout-flow\">\n<div style=\"height:140px\" aria-hidden=\"true\" class=\"wp-block-spacer\"><\/div>\n\n\n\n<h2 class=\"wp-block-heading has-text-align-center has-nv-text-dark-bg-color has-text-color\">Ta kontakt s\u00e5 hjelper vi deg med ditt byggeprosjekt<\/h2>\n\n\n\n<p class=\"has-text-align-center\"><\/p>\n\n\n\n<div class=\"wp-block-buttons is-horizontal is-content-justification-center is-layout-flex wp-container-core-buttons-is-layout-499968f5 wp-block-buttons-is-layout-flex\">\n<div class=\"wp-block-button is-style-primary\"><a class=\"wp-block-button__link wp-element-button\" href=\"mailto:post@ottadalen.no\">SEND EPOST<\/a><\/div>\n<\/div>\n\n\n\n<div style=\"height:140px\" aria-hidden=\"true\" class=\"wp-block-spacer\"><\/div>\n<\/div><\/div>\n","protected":false},"excerpt":{"rendered":"<p>Hjelp Vi kan bist\u00e5 gejnnom hele prosessen fra idestadiet med planlegging og tegning da det ikke alltid er slik at man har alle detaljer klart. Produksjon Vi utf\u00f8rer det meste innen bygg fra grunnmurer til renovering av eldre bygg eller n\u00f8kkelferdig bygg. Vi utf\u00f8rer ogs\u00e5 totalentrepriser hvor byggherre selv ikke kan eller \u00f8nsker \u00e5 styre&hellip;&nbsp;<a href=\"https:\/\/ottadalen.no\/\" class=\"\" rel=\"bookmark\">Read More &raquo;<span class=\"screen-reader-text\">Home<\/span><\/a><\/p>\n","protected":false},"author":1,"featured_media":0,"parent":0,"menu_order":0,"comment_status":"closed","ping_status":"closed","template":"","meta":{"neve_meta_sidebar":"default","neve_meta_container":"default","neve_meta_enable_content_width":"on","neve_meta_content_width":100,"neve_meta_title_alignment":"","neve_meta_author_avatar":"","neve_post_elements_order":"","neve_meta_disable_header":"","neve_meta_disable_footer":"","neve_meta_disable_title":"on","_themeisle_gutenberg_block_has_review":false,"_ti_tpc_template_sync":false,"_ti_tpc_template_id":"5udqur826ojgsxrmsxsc","footnotes":""},"class_list":["post-5","page","type-page","status-publish","hentry"],"_links":{"self":[{"href":"https:\/\/ottadalen.no\/index.php?rest_route=\/wp\/v2\/pages\/5","targetHints":{"allow":["GET"]}}],"collection":[{"href":"https:\/\/ottadalen.no\/index.php?rest_route=\/wp\/v2\/pages"}],"about":[{"href":"https:\/\/ottadalen.no\/index.php?rest_route=\/wp\/v2\/types\/page"}],"author":[{"embeddable":true,"href":"https:\/\/ottadalen.no\/index.php?rest_route=\/wp\/v2\/users\/1"}],"replies":[{"embeddable":true,"href":"https:\/\/ottadalen.no\/index.php?rest_route=%2Fwp%2Fv2%2Fcomments&post=5"}],"version-history":[{"count":4,"href":"https:\/\/ottadalen.no\/index.php?rest_route=\/wp\/v2\/pages\/5\/revisions"}],"predecessor-version":[{"id":386,"href":"https:\/\/ottadalen.no\/index.php?rest_route=\/wp\/v2\/pages\/5\/revisions\/386"}],"wp:attachment":[{"href":"https:\/\/ottadalen.no\/index.php?rest_route=%2Fwp%2Fv2%2Fmedia&parent=5"}],"curies":[{"name":"wp","href":"https:\/\/api.w.org\/{rel}","templated":true}]}}